{"id":1032,"date":"2020-04-25T12:52:43","date_gmt":"2020-04-25T10:52:43","guid":{"rendered":"https:\/\/atasteofnice.fr\/?page_id=1032"},"modified":"2025-06-15T17:11:26","modified_gmt":"2025-06-15T15:11:26","slug":"home","status":"publish","type":"page","link":"https:\/\/atasteofnice.com\/","title":{"rendered":"Accueil"},"content":{"rendered":"<p>[vc_row][vc_column width=&#8221;3\/4&#8243;][vc_column_text]<\/p>\n<h1 class=\"font-light\" style=\"text-align: justify;\">A Taste of Nice Tours &#8211; <strong>votre<\/strong> guide de Nice !<\/h1>\n<p>Rejoignez l&#8217;une de nos visites actives en plein air pour la meilleure introduction \u00e0 Nice et \u00e0 la C\u00f4te d&#8217;Azur. Nos visites sont informatives et amusantes et elles vous montrent les secrets de Nice que vous n&#8217;auriez pas pu d\u00e9couvrir par vous-m\u00eame.<\/p>\n<p>Et cela ne s&#8217;arr\u00eate pas l\u00e0 &#8211; nos guides exceptionnels sont de la r\u00e9gion et feront tout leur possible pour s&#8217;assurer que vous appr\u00e9ciez non seulement la visite \u00e0 fond, mais que votre s\u00e9jour soit parfait!<\/p>\n<p>Nous avons diff\u00e9rents sites Web pour chacune de nos visites. D\u00e9couvrez-les dans la liste ci-dessous. Vous pouvez \u00e9galement r\u00e9server l&#8217;une des visites directement ici.<\/p>\n<p>Au plaisir de vous voir bient\u00f4t lors de l&#8217;une de nos visites![\/vc_column_text][\/vc_column][vc_column width=&#8221;1\/4&#8243;][vc_single_image image=&#8221;359&#8243; img_size=&#8221;368 \u00d7 200&#8243;][\/vc_column][\/vc_row][vc_row][vc_column][vc_custom_heading text=&#8221;Nos tours guid\u00e9s&#8221; font_container=&#8221;tag:h2|text_align:center&#8221; google_fonts=&#8221;font_family:Lato%3A100%2C100italic%2C300%2C300italic%2Cregular%2Citalic%2C700%2C700italic%2C900%2C900italic|font_style:400%20regular%3A400%3Anormal&#8221; css=&#8221;.vc_custom_1587811484520{margin-bottom: -10px !important;}&#8221;][vc_row_inner css=&#8221;.vc_custom_1439121475854{margin-top: 10px !important;margin-right: 10px !important;margin-bottom: 10px !important;margin-left: 10px !important;padding-top: 10px !important;padding-right: 10px !important;padding-bottom: 10px !important;padding-left: 10px !important;}&#8221; el_class=&#8221;box_janak&#8221;][vc_column_inner width=&#8221;1\/4&#8243;][vc_single_image image=&#8221;164&#8243; img_size=&#8221;200&#215;200&#8243; onclick=&#8221;custom_link&#8221; img_link_target=&#8221;_blank&#8221; link=&#8221;http:\/\/www.foodtoursofnice.com\/&#8221; css=&#8221;.vc_custom_1455117493502{margin-bottom: 0px !important;}&#8221;][\/vc_column_inner][vc_column_inner width=&#8221;3\/4&#8243;][vc_column_text]<\/p>\n<h2><a href=\"http:\/\/www.foodtoursofnice.com\/\" target=\"_blank\" rel=\"noopener noreferrer\">Le Pure Nice Food Tour (4,5 h)<\/a><\/h2>\n<p>La meilleure visite gastronomique \u00e0 pied de Nice &#8211; savourez les saveurs uniques de Nice avec le Pure Nice Food Tour! Lors de notre visite, vous d\u00e9couvrez Nice \u00e0 travers les sp\u00e9cialit\u00e9s locales. Vous aurez non seulement une id\u00e9e de la saveur de la cuisine ni\u00e7ois, mais aussi de l&#8217;histoire et de la culture uniques de Nice.[\/vc_column_text][\/vc_column_inner][\/vc_row_inner][\/vc_column][\/vc_row][vc_row][vc_column][vc_single_image image=&#8221;69&#8243; img_size=&#8221;988 \u00d7 37&#8243; alignment=&#8221;center&#8221;][\/vc_column][\/vc_row][vc_row][vc_column][vc_column_text]<\/p>\n<h2><img decoding=\"async\" class=\"alignnone size-full wp-image-414\" src=\"\/wp-content\/uploads\/2015\/02\/trip.png\" alt=\"trip\" width=\"50\" \/> Nos client contents<\/h2>\n<p>[\/vc_column_text][vc_row_inner][vc_column_inner width=&#8221;1\/2&#8243;][vc_column_text]<\/p>\n<div class=\"hndtst\" id=\"tst_585-1\"><div id=\"tst_image_outer_585-1\"><\/div><div id=\"tst_txt_outer_585-1\"><div id=\"tst_short_585-1\"><div id=\"tst_short_585-1\"><p class=\"TA5star\">\u201cA great way to see the Riviera\u201d<\/p>\r\nThe tour on the e-bikes covers a great distance and as it was my first time on an e-bike; it was a great experience! Our guide was very informative and helpful and really added to a very enjoyable morning. The e-bikes make it so easy to cover the longer distance on this tour with the added advantage of seeing so much more. I would highly recommend this tour.<\/div><\/div><div id=\"tst_title_585-1\">corsaboy via TripAdvisor, September 2015<\/div><div id=\"tst_subtitle_585-1\"><\/div><\/div><\/div>\n<p>[\/vc_column_text][\/vc_column_inner][vc_column_inner width=&#8221;1\/2&#8243;][vc_column_text]<\/p>\n<div class=\"hndtst\" id=\"tst_589-2\"><div id=\"tst_image_outer_589-2\"><\/div><div id=\"tst_txt_outer_589-2\"><div id=\"tst_short_589-2\"><div id=\"tst_short_589-2\"><p class=\"TA5star\">\u201cStunning day out\u201d<\/p>\r\nThe guide was so friendly and knowledgeable, this was an excellent way to kick start our holiday and get our bearings! Thank you. Beautiful views and easy to use bikes, great memories!<\/div><\/div><div id=\"tst_title_589-2\">Dibbles83, Belfast, United Kingdom via TripAdvisor, October 2015<\/div><div id=\"tst_subtitle_589-2\"><\/div><\/div><\/div>\n<p>[\/vc_column_text][\/vc_column_inner][\/vc_row_inner][vc_single_image image=&#8221;69&#8243; img_size=&#8221;988 \u00d7 37&#8243; alignment=&#8221;center&#8221;][\/vc_column][\/vc_row]<\/p>\n","protected":false},"excerpt":{"rendered":"<p>{{unknown}}[vc_row][vc_column width=&#8221;3\/4&#8243;][vc_column_text] A Taste of Nice Tours &#8211; votre guide de Nice ! Rejoignez l&#8217;une de nos visites actives en plein air pour la meilleure introduction \u00e0 Nice et \u00e0 la C\u00f4te d&#8217;Azur. Nos visites sont informatives et amusantes et elles vous montrent les secrets de Nice que vous n&#8217;auriez pas pu d\u00e9couvrir par vous-m\u00eame. Et cela ne s&#8217;arr\u00eate pas l\u00e0 &#8211; nos guides exceptionnels sont de la r\u00e9gion et feront tout leur possible pour s&#8217;assurer que vous appr\u00e9ciez non seulement la visite \u00e0 fond,\u2026<\/p>\n","protected":false},"author":5,"featured_media":0,"parent":0,"menu_order":0,"comment_status":"closed","ping_status":"closed","template":"full-width.php","meta":{"_locale":"fr_FR","_original_post":"http:\/\/www.foodtoursofnice.com\/atasteofnice\/?page_id=6","footnotes":""},"class_list":["post-1032","page","type-page","status-publish","hentry","fr-FR"],"_links":{"self":[{"href":"https:\/\/atasteofnice.com\/wp-json\/wp\/v2\/pages\/1032","targetHints":{"allow":["GET"]}}],"collection":[{"href":"https:\/\/atasteofnice.com\/wp-json\/wp\/v2\/pages"}],"about":[{"href":"https:\/\/atasteofnice.com\/wp-json\/wp\/v2\/types\/page"}],"author":[{"embeddable":true,"href":"https:\/\/atasteofnice.com\/wp-json\/wp\/v2\/users\/5"}],"replies":[{"embeddable":true,"href":"https:\/\/atasteofnice.com\/wp-json\/wp\/v2\/comments?post=1032"}],"version-history":[{"count":9,"href":"https:\/\/atasteofnice.com\/wp-json\/wp\/v2\/pages\/1032\/revisions"}],"predecessor-version":[{"id":1070,"href":"https:\/\/atasteofnice.com\/wp-json\/wp\/v2\/pages\/1032\/revisions\/1070"}],"wp:attachment":[{"href":"https:\/\/atasteofnice.com\/wp-json\/wp\/v2\/media?parent=1032"}],"curies":[{"name":"wp","href":"https:\/\/api.w.org\/{rel}","templated":true}]}}