{"id":1015,"date":"2020-04-25T11:15:02","date_gmt":"2020-04-25T09:15:02","guid":{"rendered":"https:\/\/atasteofnice.fr\/?page_id=1015"},"modified":"2020-06-12T12:10:15","modified_gmt":"2020-06-12T10:10:15","slug":"nous-contacter","status":"publish","type":"page","link":"https:\/\/atasteofnice.com\/fr\/nous-contacter\/","title":{"rendered":"Nous contacter"},"content":{"rendered":"<p>[vc_row][vc_column width=&#8221;5\/6&#8243;][vc_empty_space height=&#8221;65px&#8221; el_class=&#8221;emptygustav&#8221;][\/vc_column][\/vc_row][vc_row][vc_column][vc_row_inner][vc_column_inner width=&#8221;2\/3&#8243;][vc_column_text]<\/p>\n<h1>Nous contacter<\/h1>\n<ul>\n<li>Appelez-nous pour toutes information suppl\u00e9mentaire. Nous parlons Fran\u00e7ais et Anglais.<\/li>\n<li>Pour des familles nombreuses, des groups, des entreprises, des \u00e9v\u00e9nements particuliers comme un enterrement de vie de jeune fille ou gar\u00e7on, contactez-nous. Nous adaptons le tour pour vous!<\/li>\n<\/ul>\n<p id=\"phone_fr\"><strong>Appelez-nous au <\/strong>+33 9 86 68 93 81 pour toute demande !<\/p>\n<p>[\/vc_column_text][\/vc_column_inner][vc_column_inner width=&#8221;1\/3&#8243;][vc_empty_space height=&#8221;60px&#8221;][vc_single_image image=&#8221;712&#8243; img_size=&#8221;full&#8221; style=&#8221;vc_box_shadow_border&#8221;][\/vc_column_inner][\/vc_row_inner][\/vc_column][\/vc_row]<\/p>\n","protected":false},"excerpt":{"rendered":"<p>[vc_row][vc_column width=&#8221;5\/6&#8243;][vc_empty_space height=&#8221;65px&#8221; el_class=&#8221;emptygustav&#8221;][\/vc_column][\/vc_row][vc_row][vc_column][vc_row_inner][vc_column_inner width=&#8221;2\/3&#8243;][vc_column_text] Nous contacter Appelez-nous pour toutes information suppl\u00e9mentaire. Nous parlons Fran\u00e7ais et Anglais. Pour des familles nombreuses, des groups, des entreprises, des \u00e9v\u00e9nements particuliers comme un enterrement de vie de jeune fille ou gar\u00e7on, contactez-nous. Nous adaptons le tour pour vous! Appelez-nous au +33 9 86 68 93 81 pour toute demande ! [\/vc_column_text][\/vc_column_inner][vc_column_inner width=&#8221;1\/3&#8243;][vc_empty_space height=&#8221;60px&#8221;][vc_single_image image=&#8221;712&#8243; img_size=&#8221;full&#8221; style=&#8221;vc_box_shadow_border&#8221;][\/vc_column_inner][\/vc_row_inner][\/vc_column][\/vc_row]<\/p>\n","protected":false},"author":5,"featured_media":0,"parent":0,"menu_order":0,"comment_status":"closed","ping_status":"closed","template":"full-width.php","meta":{"_locale":"fr_FR","_original_post":"http:\/\/www.foodtoursofnice.com\/atasteofnice\/?page_id=707","footnotes":""},"class_list":["post-1015","page","type-page","status-publish","hentry","fr-FR"],"_links":{"self":[{"href":"https:\/\/atasteofnice.com\/wp-json\/wp\/v2\/pages\/1015","targetHints":{"allow":["GET"]}}],"collection":[{"href":"https:\/\/atasteofnice.com\/wp-json\/wp\/v2\/pages"}],"about":[{"href":"https:\/\/atasteofnice.com\/wp-json\/wp\/v2\/types\/page"}],"author":[{"embeddable":true,"href":"https:\/\/atasteofnice.com\/wp-json\/wp\/v2\/users\/5"}],"replies":[{"embeddable":true,"href":"https:\/\/atasteofnice.com\/wp-json\/wp\/v2\/comments?post=1015"}],"version-history":[{"count":5,"href":"https:\/\/atasteofnice.com\/wp-json\/wp\/v2\/pages\/1015\/revisions"}],"predecessor-version":[{"id":1064,"href":"https:\/\/atasteofnice.com\/wp-json\/wp\/v2\/pages\/1015\/revisions\/1064"}],"wp:attachment":[{"href":"https:\/\/atasteofnice.com\/wp-json\/wp\/v2\/media?parent=1015"}],"curies":[{"name":"wp","href":"https:\/\/api.w.org\/{rel}","templated":true}]}}